{"id":981,"date":"2024-04-09T11:41:06","date_gmt":"2024-04-09T09:41:06","guid":{"rendered":"https:\/\/alit.ch\/?page_id=981"},"modified":"2024-04-09T11:41:33","modified_gmt":"2024-04-09T09:41:33","slug":"kunst-politik-der-neue-essais-agites-band","status":"publish","type":"page","link":"https:\/\/alit.ch\/fr\/kunst-politik-der-neue-essais-agites-band\/","title":{"rendered":"Kunst + Politik, der neue Essais agit\u00e9s-Band"},"content":{"rendered":"<div dir=\"auto\">Kunst+Politik organisierte 10 Jahre lang mit Engagement und Fantasie k\u00fcnstlerische Aktionen und Aufrufe f\u00fcr eine offene, solidarische Schweiz. Der Essais agit\u00e9s-Band Kunst + Politik erinnert an die verschiedenen Aktionsformen, auch als Anregung f\u00fcr k\u00fcnftiges k\u00fcnstlerisch-politisches Handeln. Hier der Trailer zum Band:<\/div>\n<div dir=\"auto\"><a class=\"x1i10hfl xjbqb8w x1ejq31n xd10rxx x1sy0etr x17r0tee x972fbf xcfux6l x1qhh985 xm0m39n x9f619 x1ypdohk xt0psk2 xe8uvvx xdj266r x11i5rnm xat24cr x1mh8g0r xexx8yu x4uap5 x18d9i69 xkhd6sd x16tdsg8 x1hl2dhg xggy1nq x1a2a7pz xt0b8zv x1fey0fg\" tabindex=\"0\" role=\"link\" href=\"https:\/\/vimeo.com\/894969224?fbclid=IwAR0RFsQPSlJRCskJZoJz-GuSCtddfDgCp_CEQJsktNm0MwW79vwE8wS2eJU_aem_AccVIlTdyBXY8J7WUCBGDv0Ta5u04wXdceuh6j9o3XMVPvhr_MqXYQmSfvADGcSm0q-mFKMG4pgOmyZnwsiMmDMn\" target=\"_blank\" rel=\"nofollow noopener noreferrer\">https:\/\/vimeo.com\/894969224<\/a><\/div>\n","protected":false},"excerpt":{"rendered":"<p>Kunst+Politik organisierte 10 Jahre lang mit Engagement und Fantasie k\u00fcnstlerische Aktionen und Aufrufe f\u00fcr eine offene, solidarische Schweiz. Der Essais agit\u00e9s-Band Kunst + Politik erinnert an die verschiedenen Aktionsformen, auch als Anregung f\u00fcr k\u00fcnftiges k\u00fcnstlerisch-politisches Handeln. Hier der Trailer zum Band: https:\/\/vimeo.com\/894969224<\/p>\n","protected":false},"author":3,"featured_media":0,"parent":0,"menu_order":2,"comment_status":"closed","ping_status":"closed","template":"","meta":{"_acf_changed":false,"footnotes":""},"class_list":["post-981","page","type-page","status-publish","hentry"],"acf":[],"_links":{"self":[{"href":"https:\/\/alit.ch\/fr\/wp-json\/wp\/v2\/pages\/981","targetHints":{"allow":["GET"]}}],"collection":[{"href":"https:\/\/alit.ch\/fr\/wp-json\/wp\/v2\/pages"}],"about":[{"href":"https:\/\/alit.ch\/fr\/wp-json\/wp\/v2\/types\/page"}],"author":[{"embeddable":true,"href":"https:\/\/alit.ch\/fr\/wp-json\/wp\/v2\/users\/3"}],"replies":[{"embeddable":true,"href":"https:\/\/alit.ch\/fr\/wp-json\/wp\/v2\/comments?post=981"}],"version-history":[{"count":2,"href":"https:\/\/alit.ch\/fr\/wp-json\/wp\/v2\/pages\/981\/revisions"}],"predecessor-version":[{"id":983,"href":"https:\/\/alit.ch\/fr\/wp-json\/wp\/v2\/pages\/981\/revisions\/983"}],"wp:attachment":[{"href":"https:\/\/alit.ch\/fr\/wp-json\/wp\/v2\/media?parent=981"}],"curies":[{"name":"wp","href":"https:\/\/api.w.org\/{rel}","templated":true}]}}