{"id":91,"date":"2019-05-27T16:22:24","date_gmt":"2019-05-27T14:22:24","guid":{"rendered":"https:\/\/alit.cyon.site\/?page_id=91"},"modified":"2021-07-27T16:30:47","modified_gmt":"2021-07-27T14:30:47","slug":"weltliteratur","status":"publish","type":"page","link":"https:\/\/alit.ch\/fr\/projekte\/weltliteratur\/","title":{"rendered":"Weltenliteratur"},"content":{"rendered":"<h1><i>Weltenliteratur \u2013 Made in Switzerland<\/i><\/h1>\n<p><i><span lang=\"FR\">Weltenliteratur \u2013 Made in Switzerland <\/span><\/i><span lang=\"FR\">pr\u00e9sente la litt\u00e9rature d\u2019autrices et d\u2019auteurs vivant en Suisse, mais qui ne parlent ni n\u2019\u00e9crivent l\u2019une des langues nationales. Leurs \u0153uvres passent souvent inaper\u00e7ues, elles restent m\u00e9connues et n\u2019ont que peu de chance d\u2019\u00eatre publi\u00e9es. R\u00e9pondant \u00e0 l\u2019invitation d\u2019une autrice ou d\u2019un auteur suisse, en collaboration avec des traductrices et des traducteurs et des personnes du milieu de l\u2019\u00e9dition, leurs textes et les th\u00e9matiques qu\u2019ils abordent seront explor\u00e9s et rendus accessibles au public.<\/span><\/p>\n","protected":false},"excerpt":{"rendered":"<p>Weltenliteratur \u2013 Made in Switzerland Weltenliteratur \u2013 Made in Switzerland pr\u00e9sente la litt\u00e9rature d\u2019autrices et d\u2019auteurs vivant en Suisse, mais qui ne parlent ni n\u2019\u00e9crivent l\u2019une des langues nationales. Leurs \u0153uvres passent souvent inaper\u00e7ues, elles restent m\u00e9connues et n\u2019ont que peu de chance d\u2019\u00eatre publi\u00e9es. R\u00e9pondant \u00e0 l\u2019invitation d\u2019une autrice ou d\u2019un auteur suisse, en [&hellip;]<\/p>\n","protected":false},"author":1,"featured_media":0,"parent":11,"menu_order":8,"comment_status":"closed","ping_status":"closed","template":"","meta":{"_acf_changed":false,"footnotes":""},"class_list":["post-91","page","type-page","status-publish","hentry"],"acf":[],"_links":{"self":[{"href":"https:\/\/alit.ch\/fr\/wp-json\/wp\/v2\/pages\/91","targetHints":{"allow":["GET"]}}],"collection":[{"href":"https:\/\/alit.ch\/fr\/wp-json\/wp\/v2\/pages"}],"about":[{"href":"https:\/\/alit.ch\/fr\/wp-json\/wp\/v2\/types\/page"}],"author":[{"embeddable":true,"href":"https:\/\/alit.ch\/fr\/wp-json\/wp\/v2\/users\/1"}],"replies":[{"embeddable":true,"href":"https:\/\/alit.ch\/fr\/wp-json\/wp\/v2\/comments?post=91"}],"version-history":[{"count":10,"href":"https:\/\/alit.ch\/fr\/wp-json\/wp\/v2\/pages\/91\/revisions"}],"predecessor-version":[{"id":654,"href":"https:\/\/alit.ch\/fr\/wp-json\/wp\/v2\/pages\/91\/revisions\/654"}],"up":[{"embeddable":true,"href":"https:\/\/alit.ch\/fr\/wp-json\/wp\/v2\/pages\/11"}],"wp:attachment":[{"href":"https:\/\/alit.ch\/fr\/wp-json\/wp\/v2\/media?parent=91"}],"curies":[{"name":"wp","href":"https:\/\/api.w.org\/{rel}","templated":true}]}}