{"id":75,"date":"2019-05-27T00:00:31","date_gmt":"2019-05-26T22:00:31","guid":{"rendered":"https:\/\/alit.cyon.site\/?page_id=75"},"modified":"2019-10-17T10:24:30","modified_gmt":"2019-10-17T08:24:30","slug":"stiftung","status":"publish","type":"page","link":"https:\/\/alit.ch\/fr\/stiftung\/","title":{"rendered":"Association"},"content":{"rendered":"<p>Le but d\u2019Alit \u2013 Association Fondation pour la litt\u00e9rature est de cr\u00e9er une fondation suisse pour la litt\u00e9rature qui \u2013 ind\u00e9pendamment de l\u2019association \u2013 soutient et initie divers projets autour de la production litt\u00e9raire.<\/p>\n","protected":false},"excerpt":{"rendered":"<p>Le but d\u2019Alit \u2013 Association Fondation pour la litt\u00e9rature est de cr\u00e9er une fondation suisse pour la litt\u00e9rature qui \u2013 ind\u00e9pendamment de l\u2019association \u2013 soutient et initie divers projets autour de la production litt\u00e9raire.<\/p>\n","protected":false},"author":1,"featured_media":0,"parent":0,"menu_order":19,"comment_status":"closed","ping_status":"closed","template":"","meta":{"_acf_changed":false,"footnotes":""},"class_list":["post-75","page","type-page","status-publish","hentry"],"acf":[],"_links":{"self":[{"href":"https:\/\/alit.ch\/fr\/wp-json\/wp\/v2\/pages\/75","targetHints":{"allow":["GET"]}}],"collection":[{"href":"https:\/\/alit.ch\/fr\/wp-json\/wp\/v2\/pages"}],"about":[{"href":"https:\/\/alit.ch\/fr\/wp-json\/wp\/v2\/types\/page"}],"author":[{"embeddable":true,"href":"https:\/\/alit.ch\/fr\/wp-json\/wp\/v2\/users\/1"}],"replies":[{"embeddable":true,"href":"https:\/\/alit.ch\/fr\/wp-json\/wp\/v2\/comments?post=75"}],"version-history":[{"count":6,"href":"https:\/\/alit.ch\/fr\/wp-json\/wp\/v2\/pages\/75\/revisions"}],"predecessor-version":[{"id":286,"href":"https:\/\/alit.ch\/fr\/wp-json\/wp\/v2\/pages\/75\/revisions\/286"}],"wp:attachment":[{"href":"https:\/\/alit.ch\/fr\/wp-json\/wp\/v2\/media?parent=75"}],"curies":[{"name":"wp","href":"https:\/\/api.w.org\/{rel}","templated":true}]}}