{"id":315,"date":"2019-10-23T14:40:20","date_gmt":"2019-10-23T12:40:20","guid":{"rendered":"https:\/\/alit.cyon.site\/?page_id=315"},"modified":"2026-02-28T20:27:45","modified_gmt":"2026-02-28T18:27:45","slug":"newsletter","status":"publish","type":"page","link":"https:\/\/alit.ch\/fr\/newsletter\/","title":{"rendered":"Newsletter"},"content":{"rendered":"<p>In unserem deutschsprachigen Newsletter teilen wir in unregelm\u00e4ssigen Abst\u00e4nden Neuigkeiten aus und mit unserem Netzwerk f\u00fcr Literatur. In diesem Jahr wird der Newsletter zudem von der diskursiven Essay-Reihe \u00ab\u00a0Discours Agit\u00e9s\u00a0\u00bb bespielt.<\/p>\n<p><strong><a href=\"https:\/\/mailchi.mp\/alit\/newsletter-und-discoursagites\" target=\"_blank\" rel=\"noopener\">Anmeldung zum Newsletter<\/a><\/strong><\/p>\n","protected":false},"excerpt":{"rendered":"<p>In unserem deutschsprachigen Newsletter teilen wir in unregelm\u00e4ssigen Abst\u00e4nden Neuigkeiten aus und mit unserem Netzwerk f\u00fcr Literatur. In diesem Jahr wird der Newsletter zudem von der diskursiven Essay-Reihe \u00ab\u00a0Discours Agit\u00e9s\u00a0\u00bb bespielt. Anmeldung zum Newsletter<\/p>\n","protected":false},"author":1,"featured_media":0,"parent":0,"menu_order":20,"comment_status":"closed","ping_status":"closed","template":"","meta":{"_acf_changed":false,"footnotes":""},"class_list":["post-315","page","type-page","status-publish","hentry"],"acf":[],"_links":{"self":[{"href":"https:\/\/alit.ch\/fr\/wp-json\/wp\/v2\/pages\/315","targetHints":{"allow":["GET"]}}],"collection":[{"href":"https:\/\/alit.ch\/fr\/wp-json\/wp\/v2\/pages"}],"about":[{"href":"https:\/\/alit.ch\/fr\/wp-json\/wp\/v2\/types\/page"}],"author":[{"embeddable":true,"href":"https:\/\/alit.ch\/fr\/wp-json\/wp\/v2\/users\/1"}],"replies":[{"embeddable":true,"href":"https:\/\/alit.ch\/fr\/wp-json\/wp\/v2\/comments?post=315"}],"version-history":[{"count":17,"href":"https:\/\/alit.ch\/fr\/wp-json\/wp\/v2\/pages\/315\/revisions"}],"predecessor-version":[{"id":11782,"href":"https:\/\/alit.ch\/fr\/wp-json\/wp\/v2\/pages\/315\/revisions\/11782"}],"wp:attachment":[{"href":"https:\/\/alit.ch\/fr\/wp-json\/wp\/v2\/media?parent=315"}],"curies":[{"name":"wp","href":"https:\/\/api.w.org\/{rel}","templated":true}]}}