{"id":24,"date":"2019-05-21T14:09:54","date_gmt":"2019-05-21T12:09:54","guid":{"rendered":"https:\/\/alit.cyon.site\/?page_id=24"},"modified":"2026-02-26T19:19:36","modified_gmt":"2026-02-26T17:19:36","slug":"alit","status":"publish","type":"page","link":"https:\/\/alit.ch\/fr\/alit\/","title":{"rendered":"\u00c0 propos de Alit"},"content":{"rendered":"<p>Alit est une association ind\u00e9pendante bas\u00e9e \u00e0 Zurich, qui existe depuis 2014. L\u2019association est un r\u00e9seau pour la litt\u00e9rature: Elle s\u2019engage en faveur de la production et de la distribution de la litt\u00e9rature en Suisse. \u00c0 travers des publications, des manifestations et des d\u00e9bats, elle fait conna\u00eetre la diversit\u00e9 de la cr\u00e9ation litt\u00e9raire \u00e0 un large public. L&rsquo;association s\u2019oriente vers les besoins des cr\u00e9ateurs\u00b7trices litt\u00e9raires et initie des projets. Alit s&rsquo;engage pour des textes qui ne sont pas publi\u00e9s par les maisons d&rsquo;\u00e9dition pour des raisons \u00e9conomiques, par exemple dans les genres de la po\u00e9sie, de la dramaturgie et de l&rsquo;essai, et pour des cr\u00e9ateurs\u00b7trices litt\u00e9raires suisses qui \u00e9crivent dans des langues non nationales ou qui risquent d&rsquo;\u00eatre oubli\u00e9s. L\u2019association r\u00e9agit ainsi aux \u00e9volutions contemporaines du paysage m\u00e9diatique et du march\u00e9 du livre et tente de combler les lacunes actuelles des soutiens \u00e0 la litt\u00e9rature.<\/p>\n<p>En 2021, Alit a lanc\u00e9 l\u2019initiative <strong>\u00ab\u2009Avenir Litt\u00e9rature Suisse 1945-2045 <\/strong><strong>\u2223<\/strong><strong> 100\u00a0ans de litt\u00e9ratures suisses r\u00e9centes\u2009\u00bb<\/strong>.<br \/>\nDans le cadre de cette initiative, l\u2019association a introduit trois nouveaux programmes\u2009:<\/p>\n<p>Premi\u00e8rement, le programme \u00ab\u2009Visibilit\u00e9\u2009\u00bb, dans lequel de nouvelles possibilit\u00e9s de financement sont d\u00e9velopp\u00e9es avec les cr\u00e9ateurs\u00b7trices litt\u00e9raires afin d\u2019augmenter la visibilit\u00e9 des textes produits aujourd\u2019hui.<\/p>\n<p>Deuxi\u00e8mement, le programme \u00ab\u2009M\u00e9moire culturelle\u2009\u00bb vise quant \u00e0 lui \u00e0 pr\u00e9server des textes d\u2019une qualit\u00e9 esth\u00e9tique exceptionnelle \u00e9crits apr\u00e8s 1945. Le but est de les maintenir disponibles et de montrer qu\u2019ils sont des sources importantes pour comprendre les \u00e9volutions dans les domaines de la culture, de la soci\u00e9t\u00e9 et de la politique.<\/p>\n<p>Enfin, le programme \u00ab\u2009M\u00e9diation\u2009\u00bb soutient des projets qui mettent en \u00e9vidence la mise en r\u00e9seau et les \u00e9changes entre les litt\u00e9ratures de Suisse et les d\u00e9veloppements litt\u00e9raires internationaux et les font conna\u00eetre \u00e0 un public plus large.<\/p>\n<p>Alit agit en compl\u00e9mentarit\u00e9 avec des institutions suisses ayant des objectifs proches. L\u2019association peut donc compl\u00e9ter les organismes de financement existants. Elle se consid\u00e8re comme une partenaire des organisateurs\u00b7trices de manifestations litt\u00e9raires, des maisons d\u2019\u00e9dition, des universit\u00e9s, des \u00e9coles et des archives. Alit vise \u00e0 construire l\u2019initiative \u00ab\u2009Avenir Litt\u00e9rature Suisse 1945-2045 \u2223 100\u00a0ans de litt\u00e9ratures suisses r\u00e9centes\u2009\u00bb sur le long terme et s\u2019engage dans une perspective durable.<\/p>\n<p>Partenaires de projet : Les projets de l&rsquo;association ont \u00e9t\u00e9 soutenus jusqu&rsquo;\u00e0 pr\u00e9sent par :<\/p>\n<p>Ernst G\u00f6hner Stiftung<br \/>\nPro Helvetia<br \/>\nLandis&#038;Gyr Stiftung<br \/>\nMigros Kulturprozent<br \/>\nAargauer Kuratorium<br \/>\nCharlotte Kerr D\u00fcrrenmatt-Stiftung<br \/>\nChristoph Merian Stiftung<br \/>\nKanton Basel-Stadt<br \/>\nStadt Z\u00fcrich Kultur<br \/>\nKanton Z\u00fcrich<br \/>\nFUKA-Fonds Luzern<br \/>\nRegionalkonferenz Kultur RKK Luzern<br \/>\nD\u00e4ster Schild Stiftung<br \/>\nStadt Solothurn<br \/>\nKanton Solothurn<br \/>\nPro Scientia et Arte<br \/>\nBundesamt f\u00fcr Kultur BAK<br \/>\nAutorinnen und Autoren der Schweiz A*dS<br \/>\nZ\u00fcrcher Kantonalbank<\/p>\n<hr \/>\n<p><em>Comit\u00e9:<\/em><br \/>\nGuy Krneta, copr\u00e9sident<br \/>\nAnja Schmitter, copr\u00e9sidente<br \/>\nAlexander Estis, vice-pr\u00e9sident<br \/>\nDonat Blum<br \/>\nRudolf Bussmann<br \/>\nBeat Mazenauer<br \/>\nDragica Raj\u010di\u0107 Holzner<br \/>\nVera Schindler-Wunderlich<br \/>\nBettina Wohlfender<\/p>\n<p><em>Anciens membres du comit\u00e9:<\/em><br \/>\nRuth Schweikert<br \/>\nLiliane Studer<br \/>\nSusanne Schenzle<\/p>\n<p><em>Bureau:<\/em><br \/>\nAlit \u2013 Netzwerk f\u00fcr Literatur<br \/>\nAssociation Fondation pour la Litt\u00e9rature<br \/>\nc\/o Museumsgesellschaft<br \/>\nLimmatquai 62<br \/>\nPostfach<br \/>\n8024 Z\u00fcrich<br \/>\n<a href=\"mailto:info@alit.ch\">info@alit.ch<\/a><\/p>\n<p><em>Coordonn\u00e9es bancaires:<br \/>\n<\/em>ZKB Z\u00fcrich<br \/>\nAlit<br \/>\nIBAN CH56 0070 0114 8071 6867 1<\/p>\n","protected":false},"excerpt":{"rendered":"<p>Alit est une association ind\u00e9pendante bas\u00e9e \u00e0 Zurich, qui existe depuis 2014. L\u2019association est un r\u00e9seau pour la litt\u00e9rature: Elle s\u2019engage en faveur de la production et de la distribution de la litt\u00e9rature en Suisse. \u00c0 travers des publications, des manifestations et des d\u00e9bats, elle fait conna\u00eetre la diversit\u00e9 de la cr\u00e9ation litt\u00e9raire \u00e0 un [&hellip;]<\/p>\n","protected":false},"author":1,"featured_media":0,"parent":0,"menu_order":7,"comment_status":"closed","ping_status":"closed","template":"","meta":{"_acf_changed":false,"footnotes":""},"class_list":["post-24","page","type-page","status-publish","hentry"],"acf":[],"_links":{"self":[{"href":"https:\/\/alit.ch\/fr\/wp-json\/wp\/v2\/pages\/24","targetHints":{"allow":["GET"]}}],"collection":[{"href":"https:\/\/alit.ch\/fr\/wp-json\/wp\/v2\/pages"}],"about":[{"href":"https:\/\/alit.ch\/fr\/wp-json\/wp\/v2\/types\/page"}],"author":[{"embeddable":true,"href":"https:\/\/alit.ch\/fr\/wp-json\/wp\/v2\/users\/1"}],"replies":[{"embeddable":true,"href":"https:\/\/alit.ch\/fr\/wp-json\/wp\/v2\/comments?post=24"}],"version-history":[{"count":99,"href":"https:\/\/alit.ch\/fr\/wp-json\/wp\/v2\/pages\/24\/revisions"}],"predecessor-version":[{"id":11771,"href":"https:\/\/alit.ch\/fr\/wp-json\/wp\/v2\/pages\/24\/revisions\/11771"}],"wp:attachment":[{"href":"https:\/\/alit.ch\/fr\/wp-json\/wp\/v2\/media?parent=24"}],"curies":[{"name":"wp","href":"https:\/\/api.w.org\/{rel}","templated":true}]}}