{"id":20,"date":"2019-05-21T14:07:27","date_gmt":"2019-05-21T12:07:27","guid":{"rendered":"https:\/\/alit.cyon.site\/?page_id=20"},"modified":"2022-05-31T09:09:51","modified_gmt":"2022-05-31T07:09:51","slug":"medien","status":"publish","type":"page","link":"https:\/\/alit.ch\/fr\/medien\/","title":{"rendered":"Presse"},"content":{"rendered":"<h1>Fichier du logo<\/h1>\n<p>Voici vous pouvez t\u00e9l\u00e9charger le logo d&rsquo;Alit : <a href=\"https:\/\/alit.cyon.site\/wp-content\/uploads\/2019\/11\/Alit-Logo-GZD-191030_Presse.zip\">T\u00e9l\u00e9chargement<\/a>.<\/p>\n","protected":false},"excerpt":{"rendered":"<p>Fichier du logo Voici vous pouvez t\u00e9l\u00e9charger le logo d&rsquo;Alit : T\u00e9l\u00e9chargement.<\/p>\n","protected":false},"author":1,"featured_media":0,"parent":0,"menu_order":15,"comment_status":"closed","ping_status":"closed","template":"","meta":{"_acf_changed":false,"footnotes":""},"class_list":["post-20","page","type-page","status-publish","hentry"],"acf":[],"_links":{"self":[{"href":"https:\/\/alit.ch\/fr\/wp-json\/wp\/v2\/pages\/20","targetHints":{"allow":["GET"]}}],"collection":[{"href":"https:\/\/alit.ch\/fr\/wp-json\/wp\/v2\/pages"}],"about":[{"href":"https:\/\/alit.ch\/fr\/wp-json\/wp\/v2\/types\/page"}],"author":[{"embeddable":true,"href":"https:\/\/alit.ch\/fr\/wp-json\/wp\/v2\/users\/1"}],"replies":[{"embeddable":true,"href":"https:\/\/alit.ch\/fr\/wp-json\/wp\/v2\/comments?post=20"}],"version-history":[{"count":17,"href":"https:\/\/alit.ch\/fr\/wp-json\/wp\/v2\/pages\/20\/revisions"}],"predecessor-version":[{"id":738,"href":"https:\/\/alit.ch\/fr\/wp-json\/wp\/v2\/pages\/20\/revisions\/738"}],"wp:attachment":[{"href":"https:\/\/alit.ch\/fr\/wp-json\/wp\/v2\/media?parent=20"}],"curies":[{"name":"wp","href":"https:\/\/api.w.org\/{rel}","templated":true}]}}