{"id":119,"date":"2019-05-27T18:29:33","date_gmt":"2019-05-27T16:29:33","guid":{"rendered":"https:\/\/alit.cyon.site\/?page_id=119"},"modified":"2025-01-14T12:45:35","modified_gmt":"2025-01-14T10:45:35","slug":"poetische-schweiz","status":"publish","type":"page","link":"https:\/\/alit.ch\/fr\/projekte\/poetische-schweiz\/","title":{"rendered":"Poetische Schweiz"},"content":{"rendered":"<h1><em>Poetische Schweiz<\/em><\/h1>\n<p>Alit \u2013 Association Fondation pour la Litt\u00e9rature soutient des projets en cours de po\u00e9sie et des formats \u00e9v\u00e9nementiels autour de la production po\u00e9tique. Elle cherchera aussi \u00e0 combler des lacunes dans le domaine du soutien \u00e0 la production lyrique.<\/p>\n","protected":false},"excerpt":{"rendered":"<p>Poetische Schweiz Alit \u2013 Association Fondation pour la Litt\u00e9rature soutient des projets en cours de po\u00e9sie et des formats \u00e9v\u00e9nementiels autour de la production po\u00e9tique. Elle cherchera aussi \u00e0 combler des lacunes dans le domaine du soutien \u00e0 la production lyrique.<\/p>\n","protected":false},"author":1,"featured_media":0,"parent":11,"menu_order":10,"comment_status":"closed","ping_status":"closed","template":"","meta":{"_acf_changed":false,"footnotes":""},"class_list":["post-119","page","type-page","status-publish","hentry"],"acf":[],"_links":{"self":[{"href":"https:\/\/alit.ch\/fr\/wp-json\/wp\/v2\/pages\/119","targetHints":{"allow":["GET"]}}],"collection":[{"href":"https:\/\/alit.ch\/fr\/wp-json\/wp\/v2\/pages"}],"about":[{"href":"https:\/\/alit.ch\/fr\/wp-json\/wp\/v2\/types\/page"}],"author":[{"embeddable":true,"href":"https:\/\/alit.ch\/fr\/wp-json\/wp\/v2\/users\/1"}],"replies":[{"embeddable":true,"href":"https:\/\/alit.ch\/fr\/wp-json\/wp\/v2\/comments?post=119"}],"version-history":[{"count":58,"href":"https:\/\/alit.ch\/fr\/wp-json\/wp\/v2\/pages\/119\/revisions"}],"predecessor-version":[{"id":9722,"href":"https:\/\/alit.ch\/fr\/wp-json\/wp\/v2\/pages\/119\/revisions\/9722"}],"up":[{"embeddable":true,"href":"https:\/\/alit.ch\/fr\/wp-json\/wp\/v2\/pages\/11"}],"wp:attachment":[{"href":"https:\/\/alit.ch\/fr\/wp-json\/wp\/v2\/media?parent=119"}],"curies":[{"name":"wp","href":"https:\/\/api.w.org\/{rel}","templated":true}]}}