{"id":115,"date":"2019-05-27T18:28:23","date_gmt":"2019-05-27T16:28:23","guid":{"rendered":"https:\/\/alit.cyon.site\/?page_id=115"},"modified":"2020-03-10T12:21:44","modified_gmt":"2020-03-10T10:21:44","slug":"der-springende-punkt-geschichten-vom-verschwinden","status":"publish","type":"page","link":"https:\/\/alit.ch\/fr\/projekte\/der-springende-punkt-geschichten-vom-verschwinden\/","title":{"rendered":"Dunkelkammern \u2013 Geschichten vom Entstehen und Verschwinden"},"content":{"rendered":"<h1><em>Dunkelkammern \u2013 Geschichten vom Entstehen und Verschwinden<\/em><\/h1>\n<p><em>Dunkelkammern \u2013 Geschichten vom Entstehen und Verschwinden <\/em>est un projet de publication qui para\u00eetra au printemps 2020 aux \u00e9ditions Suhrkamp sous la direction de Michel Mettler et Reto Sorg.<\/p>\n<p>L\u2019anthologie rassemble des textes narratifs d\u2019autrices et auteurs suisses sur la question du th\u00e8me en litt\u00e9rature\u00a0: comment il se montre, se dissimule, s\u2019impose ou se soustrait; comment la naissance d\u2019id\u00e9es litt\u00e9raires est souvent li\u00e9e \u00e0 des exp\u00e9riences de la disparition dans la vie r\u00e9elle. Les textes r\u00e9unis montrent, par l\u2019envergure de leurs approches, qu\u2019il existe sans doute autant de notions de la th\u00e9matique en litt\u00e9rature que d\u2019\u00e9crivains et d\u2019\u00e9crivaines.<\/p>\n<p>Date de parution: Mars 2020<br \/>\nEdition: <a href=\"https:\/\/www.suhrkamp.de\/buecher\/dunkelkammern-_47072.html\" target=\"_blank\" rel=\"noopener noreferrer\">Suhrkamp<\/a><br \/>\nISBN: 978-3-518-47072-5<\/p>\n","protected":false},"excerpt":{"rendered":"<p>Dunkelkammern \u2013 Geschichten vom Entstehen und Verschwinden Dunkelkammern \u2013 Geschichten vom Entstehen und Verschwinden est un projet de publication qui para\u00eetra au printemps 2020 aux \u00e9ditions Suhrkamp sous la direction de Michel Mettler et Reto Sorg. L\u2019anthologie rassemble des textes narratifs d\u2019autrices et auteurs suisses sur la question du th\u00e8me en litt\u00e9rature\u00a0: comment il se [&hellip;]<\/p>\n","protected":false},"author":1,"featured_media":0,"parent":11,"menu_order":12,"comment_status":"closed","ping_status":"closed","template":"","meta":{"_acf_changed":false,"footnotes":""},"class_list":["post-115","page","type-page","status-publish","hentry"],"acf":[],"_links":{"self":[{"href":"https:\/\/alit.ch\/fr\/wp-json\/wp\/v2\/pages\/115","targetHints":{"allow":["GET"]}}],"collection":[{"href":"https:\/\/alit.ch\/fr\/wp-json\/wp\/v2\/pages"}],"about":[{"href":"https:\/\/alit.ch\/fr\/wp-json\/wp\/v2\/types\/page"}],"author":[{"embeddable":true,"href":"https:\/\/alit.ch\/fr\/wp-json\/wp\/v2\/users\/1"}],"replies":[{"embeddable":true,"href":"https:\/\/alit.ch\/fr\/wp-json\/wp\/v2\/comments?post=115"}],"version-history":[{"count":15,"href":"https:\/\/alit.ch\/fr\/wp-json\/wp\/v2\/pages\/115\/revisions"}],"predecessor-version":[{"id":448,"href":"https:\/\/alit.ch\/fr\/wp-json\/wp\/v2\/pages\/115\/revisions\/448"}],"up":[{"embeddable":true,"href":"https:\/\/alit.ch\/fr\/wp-json\/wp\/v2\/pages\/11"}],"wp:attachment":[{"href":"https:\/\/alit.ch\/fr\/wp-json\/wp\/v2\/media?parent=115"}],"curies":[{"name":"wp","href":"https:\/\/api.w.org\/{rel}","templated":true}]}}