{"id":1054,"date":"2024-10-03T19:56:10","date_gmt":"2024-10-03T17:56:10","guid":{"rendered":"https:\/\/alit.ch\/?page_id=1054"},"modified":"2025-02-10T16:04:39","modified_gmt":"2025-02-10T14:04:39","slug":"zuercher-literaturwerkstatt","status":"publish","type":"page","link":"https:\/\/alit.ch\/fr\/zuercher-literaturwerkstatt\/","title":{"rendered":"Z\u00fcrcher Literaturwerkstatt"},"content":{"rendered":"<p style=\"font-weight: 400;\">Die Z\u00fcrcher Literaturwerkstatt bietet Schreibenden einen wichtigen Ort zum Austausch mit Kolleg:innen und st\u00e4rkt und f\u00f6rdert damit die Vernetzung. Die Literaturwerkstatt bietet zudem durch die M\u00f6glichkeit, die Arbeit von Autor:innen an entstehenden Texten mitzuerleben, den Leser:innen Einblicke in literarische Produktionsprozesse. Und drittens erlaubt sie angehenden Autor:innen auf sehr niederschwellige Weise, verschiedene Akteur:innen der Literaturszene kennenzulernen. Die Literaturwerkstatt ist insofern ein einzigartiges Format, das verschiedene Gruppen von Literaturinteressierten f\u00fcr kreative Prozesse und konstruktive Debatten zusammenbringt.<\/p>\n<p>Die Z\u00fcrcher Literaturwerkstatt wird organisiert in Zusammenarbeit mit dem Literaturhaus Z\u00fcrich, dem Literaturmuseum Strauhof, dem Jungen Literatur Labor Z\u00fcrich JULL, der JULL-Fantasy-Schreibgruppe Extramundana, Z\u00fcrich liest, dem Verband Autor*innen der Schweiz A*dS sowie den Alit-Projekten LyrikTisch und Lyrik Talk. Tr\u00e4ger der Z\u00fcrcher Literaturwerkstatt ist der Verein Alit. Das Projekt leiten Simon Froehling und Donat Blum.<\/p>\n","protected":false},"excerpt":{"rendered":"<p>Die Z\u00fcrcher Literaturwerkstatt bietet Schreibenden einen wichtigen Ort zum Austausch mit Kolleg:innen und st\u00e4rkt und f\u00f6rdert damit die Vernetzung. Die Literaturwerkstatt bietet zudem durch die M\u00f6glichkeit, die Arbeit von Autor:innen an entstehenden Texten mitzuerleben, den Leser:innen Einblicke in literarische Produktionsprozesse. Und drittens erlaubt sie angehenden Autor:innen auf sehr niederschwellige Weise, verschiedene Akteur:innen der Literaturszene kennenzulernen. [&hellip;]<\/p>\n","protected":false},"author":3,"featured_media":0,"parent":0,"menu_order":1,"comment_status":"closed","ping_status":"closed","template":"","meta":{"_acf_changed":false,"footnotes":""},"class_list":["post-1054","page","type-page","status-publish","hentry"],"acf":[],"_links":{"self":[{"href":"https:\/\/alit.ch\/fr\/wp-json\/wp\/v2\/pages\/1054","targetHints":{"allow":["GET"]}}],"collection":[{"href":"https:\/\/alit.ch\/fr\/wp-json\/wp\/v2\/pages"}],"about":[{"href":"https:\/\/alit.ch\/fr\/wp-json\/wp\/v2\/types\/page"}],"author":[{"embeddable":true,"href":"https:\/\/alit.ch\/fr\/wp-json\/wp\/v2\/users\/3"}],"replies":[{"embeddable":true,"href":"https:\/\/alit.ch\/fr\/wp-json\/wp\/v2\/comments?post=1054"}],"version-history":[{"count":9,"href":"https:\/\/alit.ch\/fr\/wp-json\/wp\/v2\/pages\/1054\/revisions"}],"predecessor-version":[{"id":11693,"href":"https:\/\/alit.ch\/fr\/wp-json\/wp\/v2\/pages\/1054\/revisions\/11693"}],"wp:attachment":[{"href":"https:\/\/alit.ch\/fr\/wp-json\/wp\/v2\/media?parent=1054"}],"curies":[{"name":"wp","href":"https:\/\/api.w.org\/{rel}","templated":true}]}}