{"id":102,"date":"2019-05-27T16:57:17","date_gmt":"2019-05-27T14:57:17","guid":{"rendered":"https:\/\/alit.cyon.site\/?page_id=102"},"modified":"2021-07-27T16:24:38","modified_gmt":"2021-07-27T14:24:38","slug":"essais-agites","status":"publish","type":"page","link":"https:\/\/alit.ch\/fr\/projekte\/essais-agites\/","title":{"rendered":"Essais Agit\u00e9s"},"content":{"rendered":"<h1><em>essais agit\u00e9s. Edition zu Fragen der Zeit<\/em><\/h1>\n<p>La collection <em>essais agit\u00e9s. Edition zu Fragen der Zeit\u00a0<\/em>est d\u00e9di\u00e9e \u00e0 l\u2019essai critique. Elle tient des discours d\u2019actualit\u00e9, traque des sujets cach\u00e9s et apporte des id\u00e9es pertinentes au monde. Elle est partie prenante d\u2019une r\u00e9flexion mobile sur des questionnements actuels.<br \/>\nLa collection repose sur une application d\u2019\u00e9criture d\u00e9velopp\u00e9e par nos soins qui ajuste, avec un proc\u00e9d\u00e9 automatis\u00e9, des textes au format de livre. Cette application permet d\u2019\u00e9diter rapidement les textes sous divers formats variables et de les imprimer en Suisse. Les volumes apparaissent dans deux collections\u00a0: comme livre de poche aux \u00e9ditions Der Gesunde Menschenversand et comme chapbook on demand.<\/p>\n<p>La collection est dirig\u00e9e par une r\u00e9daction compos\u00e9e de Johanna Lier, Martin Zingg et Beat Mazenauer.<\/p>\n<p><a href=\"https:\/\/www.essaisagites.ch\" target=\"_blank\" rel=\"noopener noreferrer\">www.essaisagit\u00e9s.ch<\/a><\/p>\n","protected":false},"excerpt":{"rendered":"<p>essais agit\u00e9s. Edition zu Fragen der Zeit La collection essais agit\u00e9s. Edition zu Fragen der Zeit\u00a0est d\u00e9di\u00e9e \u00e0 l\u2019essai critique. Elle tient des discours d\u2019actualit\u00e9, traque des sujets cach\u00e9s et apporte des id\u00e9es pertinentes au monde. Elle est partie prenante d\u2019une r\u00e9flexion mobile sur des questionnements actuels. La collection repose sur une application d\u2019\u00e9criture d\u00e9velopp\u00e9e [&hellip;]<\/p>\n","protected":false},"author":1,"featured_media":0,"parent":11,"menu_order":6,"comment_status":"closed","ping_status":"closed","template":"","meta":{"_acf_changed":false,"footnotes":""},"class_list":["post-102","page","type-page","status-publish","hentry"],"acf":[],"_links":{"self":[{"href":"https:\/\/alit.ch\/fr\/wp-json\/wp\/v2\/pages\/102","targetHints":{"allow":["GET"]}}],"collection":[{"href":"https:\/\/alit.ch\/fr\/wp-json\/wp\/v2\/pages"}],"about":[{"href":"https:\/\/alit.ch\/fr\/wp-json\/wp\/v2\/types\/page"}],"author":[{"embeddable":true,"href":"https:\/\/alit.ch\/fr\/wp-json\/wp\/v2\/users\/1"}],"replies":[{"embeddable":true,"href":"https:\/\/alit.ch\/fr\/wp-json\/wp\/v2\/comments?post=102"}],"version-history":[{"count":17,"href":"https:\/\/alit.ch\/fr\/wp-json\/wp\/v2\/pages\/102\/revisions"}],"predecessor-version":[{"id":11759,"href":"https:\/\/alit.ch\/fr\/wp-json\/wp\/v2\/pages\/102\/revisions\/11759"}],"up":[{"embeddable":true,"href":"https:\/\/alit.ch\/fr\/wp-json\/wp\/v2\/pages\/11"}],"wp:attachment":[{"href":"https:\/\/alit.ch\/fr\/wp-json\/wp\/v2\/media?parent=102"}],"curies":[{"name":"wp","href":"https:\/\/api.w.org\/{rel}","templated":true}]}}